{"id":629,"date":"2020-04-06T12:56:41","date_gmt":"2020-04-06T12:56:41","guid":{"rendered":"https:\/\/amalayoga.ch\/home\/"},"modified":"2025-09-24T17:50:24","modified_gmt":"2025-09-24T17:50:24","slug":"home","status":"publish","type":"page","link":"https:\/\/amalayoga.ch\/en\/","title":{"rendered":"Laura &#8211; Amala Yoga"},"content":{"rendered":"\n<p>My name is Laura Anna.<br>AMALA is my Sanskrit name (Oldindian).<\/p>\n\n\n\n<p>I was born in Austria and I live in Switzerland since 2014.<\/p>\n\n\n\n<p>I &#8216;m a certified Katonah Yoga\u00ae teacher, Hatha Yogateacher, Kundalini Yogateacher, Pre-&amp; Postnatal Yogateacher and Kids Yogateacher.<br><\/p>\n","protected":false},"excerpt":{"rendered":"<p>My name is Laura Anna.AMALA is my Sanskrit name (Oldindian). I was born in Austria and I live in Switzerland [&hellip;]<\/p>\n","protected":false},"author":1,"featured_media":583,"parent":0,"menu_order":0,"comment_status":"closed","ping_status":"closed","template":"","meta":[],"yoast_head":"<!-- This site is optimized with the Yoast SEO plugin v16.2 - https:\/\/yoast.com\/wordpress\/plugins\/seo\/ -->\n<meta name=\"description\" content=\"Amala Yoga Z\u00fcrich - Einzelunterricht, Gruppen, Firmen, Online-Yoga, Katonah Yoga, Hatha Yoga, Yoga Asanas, Reiki, Pranayama, \u00e4therische \u00d6le von d\u00f6TERRA.\" \/>\n<meta name=\"robots\" content=\"index, follow, max-snippet:-1, max-image-preview:large, max-video-preview:-1\" \/>\n<link rel=\"canonical\" href=\"https:\/\/amalayoga.ch\/en\/\" \/>\n<meta property=\"og:locale\" content=\"en_US\" \/>\n<meta property=\"og:type\" content=\"article\" \/>\n<meta property=\"og:title\" content=\"Laura - Amala Yoga - Amala Yoga\" \/>\n<meta property=\"og:description\" content=\"Amala Yoga Z\u00fcrich - Einzelunterricht, Gruppen, Firmen, Online-Yoga, Katonah Yoga, Hatha Yoga, Yoga Asanas, Reiki, Pranayama, \u00e4therische \u00d6le von d\u00f6TERRA.\" \/>\n<meta property=\"og:url\" content=\"https:\/\/amalayoga.ch\/en\/\" \/>\n<meta property=\"og:site_name\" content=\"Amala Yoga\" \/>\n<meta property=\"article:publisher\" content=\"https:\/\/www.facebook.com\/Amala-Yoga-Zug-108682957469589\/\" \/>\n<meta property=\"article:modified_time\" content=\"2025-09-24T17:50:24+00:00\" \/>\n<meta property=\"og:image\" content=\"https:\/\/amalayoga.ch\/wp-content\/uploads\/2020\/04\/A52I3075-scaled.jpg\" \/>\n\t<meta property=\"og:image:width\" content=\"2560\" \/>\n\t<meta property=\"og:image:height\" content=\"1707\" \/>\n<meta name=\"twitter:card\" content=\"summary_large_image\" \/>\n<meta name=\"twitter:label1\" content=\"Est. reading time\">\n\t<meta name=\"twitter:data1\" content=\"1 minute\">\n<script type=\"application\/ld+json\" class=\"yoast-schema-graph\">{\"@context\":\"https:\/\/schema.org\",\"@graph\":[{\"@type\":\"Organization\",\"@id\":\"https:\/\/amalayoga.ch\/#organization\",\"name\":\"Amala Yoga\",\"url\":\"https:\/\/amalayoga.ch\/\",\"sameAs\":[\"https:\/\/www.facebook.com\/Amala-Yoga-Zug-108682957469589\/\",\"https:\/\/www.instagram.com\/amala__yoga\/?igshid=1h1ah0vevm4cq\"],\"logo\":{\"@type\":\"ImageObject\",\"@id\":\"https:\/\/amalayoga.ch\/#logo\",\"inLanguage\":\"en-US\",\"url\":\"https:\/\/amalayoga.ch\/wp-content\/uploads\/2020\/04\/logo.png\",\"contentUrl\":\"https:\/\/amalayoga.ch\/wp-content\/uploads\/2020\/04\/logo.png\",\"width\":1453,\"height\":529,\"caption\":\"Amala Yoga\"},\"image\":{\"@id\":\"https:\/\/amalayoga.ch\/#logo\"}},{\"@type\":\"WebSite\",\"@id\":\"https:\/\/amalayoga.ch\/#website\",\"url\":\"https:\/\/amalayoga.ch\/\",\"name\":\"Amala Yoga\",\"description\":\"Ich rede mit meinen Augen und lebe mit meinem Herzen.\",\"publisher\":{\"@id\":\"https:\/\/amalayoga.ch\/#organization\"},\"potentialAction\":[{\"@type\":\"SearchAction\",\"target\":\"https:\/\/amalayoga.ch\/?s={search_term_string}\",\"query-input\":\"required name=search_term_string\"}],\"inLanguage\":\"en-US\"},{\"@type\":\"ImageObject\",\"@id\":\"https:\/\/amalayoga.ch\/en\/#primaryimage\",\"inLanguage\":\"en-US\",\"url\":\"https:\/\/amalayoga.ch\/wp-content\/uploads\/2020\/04\/A52I3075-scaled.jpg\",\"contentUrl\":\"https:\/\/amalayoga.ch\/wp-content\/uploads\/2020\/04\/A52I3075-scaled.jpg\",\"width\":2560,\"height\":1707},{\"@type\":\"WebPage\",\"@id\":\"https:\/\/amalayoga.ch\/en\/#webpage\",\"url\":\"https:\/\/amalayoga.ch\/en\/\",\"name\":\"Laura - Amala Yoga - Amala Yoga\",\"isPartOf\":{\"@id\":\"https:\/\/amalayoga.ch\/#website\"},\"primaryImageOfPage\":{\"@id\":\"https:\/\/amalayoga.ch\/en\/#primaryimage\"},\"datePublished\":\"2020-04-06T12:56:41+00:00\",\"dateModified\":\"2025-09-24T17:50:24+00:00\",\"description\":\"Amala Yoga Z\\u00fcrich - Einzelunterricht, Gruppen, Firmen, Online-Yoga, Katonah Yoga, Hatha Yoga, Yoga Asanas, Reiki, Pranayama, \\u00e4therische \\u00d6le von d\\u00f6TERRA.\",\"breadcrumb\":{\"@id\":\"https:\/\/amalayoga.ch\/en\/#breadcrumb\"},\"inLanguage\":\"en-US\",\"potentialAction\":[{\"@type\":\"ReadAction\",\"target\":[\"https:\/\/amalayoga.ch\/en\/\"]}]},{\"@type\":\"BreadcrumbList\",\"@id\":\"https:\/\/amalayoga.ch\/en\/#breadcrumb\",\"itemListElement\":[{\"@type\":\"ListItem\",\"position\":1,\"item\":{\"@type\":\"WebPage\",\"@id\":\"https:\/\/amalayoga.ch\/en\/\",\"url\":\"https:\/\/amalayoga.ch\/en\/\",\"name\":\"Home\"}},{\"@type\":\"ListItem\",\"position\":2,\"item\":{\"@id\":\"https:\/\/amalayoga.ch\/en\/#webpage\"}}]}]}<\/script>\n<!-- \/ Yoast SEO plugin. -->","_links":{"self":[{"href":"https:\/\/amalayoga.ch\/en\/wp-json\/wp\/v2\/pages\/629"}],"collection":[{"href":"https:\/\/amalayoga.ch\/en\/wp-json\/wp\/v2\/pages"}],"about":[{"href":"https:\/\/amalayoga.ch\/en\/wp-json\/wp\/v2\/types\/page"}],"author":[{"embeddable":true,"href":"https:\/\/amalayoga.ch\/en\/wp-json\/wp\/v2\/users\/1"}],"replies":[{"embeddable":true,"href":"https:\/\/amalayoga.ch\/en\/wp-json\/wp\/v2\/comments?post=629"}],"version-history":[{"count":78,"href":"https:\/\/amalayoga.ch\/en\/wp-json\/wp\/v2\/pages\/629\/revisions"}],"predecessor-version":[{"id":1575,"href":"https:\/\/amalayoga.ch\/en\/wp-json\/wp\/v2\/pages\/629\/revisions\/1575"}],"wp:featuredmedia":[{"embeddable":true,"href":"https:\/\/amalayoga.ch\/en\/wp-json\/wp\/v2\/media\/583"}],"wp:attachment":[{"href":"https:\/\/amalayoga.ch\/en\/wp-json\/wp\/v2\/media?parent=629"}],"curies":[{"name":"wp","href":"https:\/\/api.w.org\/{rel}","templated":true}]}}